{"id":150,"date":"2025-11-29T11:37:53","date_gmt":"2025-11-29T11:37:53","guid":{"rendered":"http:\/\/decoritevent.com\/?page_id=150"},"modified":"2026-01-10T04:06:24","modified_gmt":"2026-01-10T04:06:24","slug":"homely-about-us","status":"publish","type":"page","link":"https:\/\/decoritevent.com\/?page_id=150","title":{"rendered":"Rreth Nesh"},"content":{"rendered":"\t\t<div data-elementor-type=\"wp-page\" data-elementor-id=\"150\" class=\"elementor elementor-150\">\n\t\t\t\t\t\t<section class=\"elementor-section elementor-top-section elementor-element elementor-element-5513ce1 elementor-section-stretched elementor-section-height-min-height elementor-section-boxed elementor-section-height-default elementor-section-items-middle\" data-id=\"5513ce1\" data-element_type=\"section\" data-settings=\"{&quot;stretch_section&quot;:&quot;section-stretched&quot;,&quot;background_background&quot;:&quot;classic&quot;}\">\n\t\t\t\t\t\t\t<div class=\"elementor-background-overlay\"><\/div>\n\t\t\t\t\t\t\t<div class=\"elementor-container elementor-column-gap-narrow\">\n\t\t\t\t\t<div class=\"elementor-column elementor-col-100 elementor-top-column elementor-element elementor-element-1229e53\" data-id=\"1229e53\" data-element_type=\"column\">\n\t\t\t<div class=\"elementor-widget-wrap elementor-element-populated\">\n\t\t\t\t\t\t<div class=\"elementor-element elementor-element-78404a7 elementor-widget__width-initial elementor-widget-tablet__width-initial elementor-invisible elementor-widget elementor-widget-heading\" data-id=\"78404a7\" data-element_type=\"widget\" data-settings=\"{&quot;_animation&quot;:&quot;slideInUp&quot;,&quot;_animation_delay&quot;:1000}\" data-widget_type=\"heading.default\">\n\t\t\t\t\t<h2 class=\"elementor-heading-title elementor-size-default\">Rreth Nesh<\/h2>\t\t\t\t<\/div>\n\t\t\t\t\t<\/div>\n\t\t<\/div>\n\t\t\t\t\t<\/div>\n\t\t<\/section>\n\t\t\t\t<section class=\"elementor-section elementor-top-section elementor-element elementor-element-1b14ded elementor-section-stretched elementor-section-boxed elementor-section-height-default elementor-section-height-default\" data-id=\"1b14ded\" data-element_type=\"section\" data-settings=\"{&quot;stretch_section&quot;:&quot;section-stretched&quot;}\">\n\t\t\t\t\t\t<div class=\"elementor-container elementor-column-gap-wide\">\n\t\t\t\t\t<div class=\"elementor-column elementor-col-50 elementor-top-column elementor-element elementor-element-4ef76fb\" data-id=\"4ef76fb\" data-element_type=\"column\">\n\t\t\t<div class=\"elementor-widget-wrap elementor-element-populated\">\n\t\t\t\t\t\t<div class=\"elementor-element elementor-element-80eb58c elementor-invisible elementor-widget elementor-widget-heading\" data-id=\"80eb58c\" data-element_type=\"widget\" data-settings=\"{&quot;_animation&quot;:&quot;fadeInLeft&quot;}\" data-widget_type=\"heading.default\">\n\t\t\t\t\t<h2 class=\"elementor-heading-title elementor-size-default\">Rreth Nesh<\/h2>\t\t\t\t<\/div>\n\t\t\t\t<div class=\"elementor-element elementor-element-c6f7234 elementor-invisible elementor-widget elementor-widget-heading\" data-id=\"c6f7234\" data-element_type=\"widget\" data-settings=\"{&quot;_animation&quot;:&quot;fadeInLeft&quot;,&quot;_animation_delay&quot;:1000}\" data-widget_type=\"heading.default\">\n\t\t\t\t\t<h2 class=\"elementor-heading-title elementor-size-default\">Kush Jemi ne?<\/h2>\t\t\t\t<\/div>\n\t\t\t\t<div class=\"elementor-element elementor-element-cfb8ff5 elementor-invisible elementor-widget elementor-widget-text-editor\" data-id=\"cfb8ff5\" data-element_type=\"widget\" data-settings=\"{&quot;_animation&quot;:&quot;fadeInRight&quot;,&quot;_animation_delay&quot;:1500}\" data-widget_type=\"text-editor.default\">\n\t\t\t\t\t\t\t\t\t<p>Decorit \u00ebsht\u00eb nj\u00eb studio e specializuar n\u00eb dekorim dhe organizim eventesh, q\u00eb ofron sh\u00ebrbime t\u00eb plota nga ideja fillestare deri te realizimi final. E krijuar n\u00eb vitin 2023, studioja jon\u00eb synon t\u00eb nd\u00ebrthur\u00eb estetik\u00ebn bashk\u00ebkohore me profesionalizmin dhe p\u00ebrkushtimin ndaj \u00e7do klienti.<\/p><p>\u00c7do projekt \u00ebsht\u00eb unik dhe merr form\u00eb p\u00ebrmes kujdesit, kreativitetit dhe p\u00ebrpik\u00ebris\u00eb q\u00eb na karakterizon. Me standarde t\u00eb larta pune dhe koordinim t\u00eb qart\u00eb n\u00eb \u00e7do hap, ne sigurohemi q\u00eb \u00e7do event t\u00eb jet\u00eb po aq i ve\u00e7ant\u00eb sa momentet q\u00eb p\u00ebrfaq\u00ebson.<\/p>\t\t\t\t\t\t\t\t<\/div>\n\t\t\t\t\t<\/div>\n\t\t<\/div>\n\t\t\t\t<div class=\"elementor-column elementor-col-50 elementor-top-column elementor-element elementor-element-a50b975\" data-id=\"a50b975\" data-element_type=\"column\">\n\t\t\t<div class=\"elementor-widget-wrap elementor-element-populated\">\n\t\t\t\t\t\t<div class=\"elementor-element elementor-element-0156684 elementor-widget__width-initial elementor-widget-tablet__width-initial elementor-widget-mobile__width-inherit elementor-widget elementor-widget-image\" data-id=\"0156684\" data-element_type=\"widget\" data-widget_type=\"image.default\">\n\t\t\t\t\t\t\t\t\t\t\t\t\t\t\t<img fetchpriority=\"high\" decoding=\"async\" width=\"800\" height=\"534\" src=\"https:\/\/decoritevent.com\/wp-content\/uploads\/2025\/12\/birthday-cake-on-a-background-balloons-party-decor-2025-01-09-07-01-18-utc-1024x684.jpg\" class=\"attachment-large size-large wp-image-481\" alt=\"\" srcset=\"https:\/\/decoritevent.com\/wp-content\/uploads\/2025\/12\/birthday-cake-on-a-background-balloons-party-decor-2025-01-09-07-01-18-utc-1024x684.jpg 1024w, https:\/\/decoritevent.com\/wp-content\/uploads\/2025\/12\/birthday-cake-on-a-background-balloons-party-decor-2025-01-09-07-01-18-utc-300x200.jpg 300w, https:\/\/decoritevent.com\/wp-content\/uploads\/2025\/12\/birthday-cake-on-a-background-balloons-party-decor-2025-01-09-07-01-18-utc-768x513.jpg 768w, https:\/\/decoritevent.com\/wp-content\/uploads\/2025\/12\/birthday-cake-on-a-background-balloons-party-decor-2025-01-09-07-01-18-utc-1536x1025.jpg 1536w, https:\/\/decoritevent.com\/wp-content\/uploads\/2025\/12\/birthday-cake-on-a-background-balloons-party-decor-2025-01-09-07-01-18-utc.jpg 1600w\" sizes=\"(max-width: 800px) 100vw, 800px\" \/>\t\t\t\t\t\t\t\t\t\t\t\t\t\t\t<\/div>\n\t\t\t\t\t<\/div>\n\t\t<\/div>\n\t\t\t\t\t<\/div>\n\t\t<\/section>\n\t\t\t\t<section class=\"elementor-section elementor-top-section elementor-element elementor-element-323ed35 elementor-section-stretched elementor-reverse-tablet elementor-reverse-mobile elementor-section-boxed elementor-section-height-default elementor-section-height-default\" data-id=\"323ed35\" data-element_type=\"section\" data-settings=\"{&quot;stretch_section&quot;:&quot;section-stretched&quot;}\">\n\t\t\t\t\t\t<div class=\"elementor-container elementor-column-gap-wide\">\n\t\t\t\t\t<div class=\"elementor-column elementor-col-50 elementor-top-column elementor-element elementor-element-37e36e1\" data-id=\"37e36e1\" data-element_type=\"column\">\n\t\t\t<div class=\"elementor-widget-wrap elementor-element-populated\">\n\t\t\t\t\t\t<div class=\"elementor-element elementor-element-9e53d01 elementor-widget__width-initial elementor-widget elementor-widget-image\" data-id=\"9e53d01\" data-element_type=\"widget\" data-widget_type=\"image.default\">\n\t\t\t\t\t\t\t\t\t\t\t\t\t\t\t<img decoding=\"async\" width=\"800\" height=\"999\" src=\"https:\/\/decoritevent.com\/wp-content\/uploads\/2025\/12\/flat-lay-of-minimalistic-wedding-invitation-detail-2025-02-11-23-58-37-utc-820x1024.jpg\" class=\"attachment-large size-large wp-image-482\" alt=\"\" srcset=\"https:\/\/decoritevent.com\/wp-content\/uploads\/2025\/12\/flat-lay-of-minimalistic-wedding-invitation-detail-2025-02-11-23-58-37-utc-820x1024.jpg 820w, https:\/\/decoritevent.com\/wp-content\/uploads\/2025\/12\/flat-lay-of-minimalistic-wedding-invitation-detail-2025-02-11-23-58-37-utc-240x300.jpg 240w, https:\/\/decoritevent.com\/wp-content\/uploads\/2025\/12\/flat-lay-of-minimalistic-wedding-invitation-detail-2025-02-11-23-58-37-utc-768x959.jpg 768w, https:\/\/decoritevent.com\/wp-content\/uploads\/2025\/12\/flat-lay-of-minimalistic-wedding-invitation-detail-2025-02-11-23-58-37-utc-1230x1536.jpg 1230w, https:\/\/decoritevent.com\/wp-content\/uploads\/2025\/12\/flat-lay-of-minimalistic-wedding-invitation-detail-2025-02-11-23-58-37-utc.jpg 1600w\" sizes=\"(max-width: 800px) 100vw, 800px\" \/>\t\t\t\t\t\t\t\t\t\t\t\t\t\t\t<\/div>\n\t\t\t\t\t<\/div>\n\t\t<\/div>\n\t\t\t\t<div class=\"elementor-column elementor-col-50 elementor-top-column elementor-element elementor-element-705b94c\" data-id=\"705b94c\" data-element_type=\"column\">\n\t\t\t<div class=\"elementor-widget-wrap elementor-element-populated\">\n\t\t\t\t\t\t<div class=\"elementor-element elementor-element-21bda4c elementor-invisible elementor-widget elementor-widget-heading\" data-id=\"21bda4c\" data-element_type=\"widget\" data-settings=\"{&quot;_animation&quot;:&quot;fadeInLeft&quot;}\" data-widget_type=\"heading.default\">\n\t\t\t\t\t<h2 class=\"elementor-heading-title elementor-size-default\">Rreth Nesh<\/h2>\t\t\t\t<\/div>\n\t\t\t\t<div class=\"elementor-element elementor-element-26456ee elementor-invisible elementor-widget elementor-widget-heading\" data-id=\"26456ee\" data-element_type=\"widget\" data-settings=\"{&quot;_animation&quot;:&quot;fadeInLeft&quot;,&quot;_animation_delay&quot;:1000}\" data-widget_type=\"heading.default\">\n\t\t\t\t\t<h2 class=\"elementor-heading-title elementor-size-default\">Misioni yne<\/h2>\t\t\t\t<\/div>\n\t\t\t\t<div class=\"elementor-element elementor-element-94a6272 elementor-invisible elementor-widget elementor-widget-text-editor\" data-id=\"94a6272\" data-element_type=\"widget\" data-settings=\"{&quot;_animation&quot;:&quot;fadeInRight&quot;,&quot;_animation_delay&quot;:1500}\" data-widget_type=\"text-editor.default\">\n\t\t\t\t\t\t\t\t\t<p>Q\u00ebllimi yn\u00eb \u00ebsht\u00eb t\u00eb transformojm\u00eb idet\u00eb dhe d\u00ebshirat e klient\u00ebve n\u00eb evente t\u00eb strukturuara, elegante dhe funksionale. Synojm\u00eb t\u00eb krijojm\u00eb ambiente ku \u00e7do element ka arsyen dhe vendin e tij, duke bashkuar estetik\u00ebn me organizimin perfekt.<\/p><p>N\u00eb \u00e7do projekt, p\u00ebrkushtimi yn\u00eb shkon p\u00ebrtej pamjes vizuale \u2014 ne ofrojm\u00eb nj\u00eb p\u00ebrvoj\u00eb harmonike, t\u00eb qet\u00eb dhe t\u00eb kujdesshme, si p\u00ebr klientin, ashtu edhe p\u00ebr \u00e7do t\u00eb ftuar.<\/p>\t\t\t\t\t\t\t\t<\/div>\n\t\t\t\t<div class=\"elementor-element elementor-element-57e9abc elementor-widget-divider--view-line elementor-widget elementor-widget-divider\" data-id=\"57e9abc\" data-element_type=\"widget\" data-widget_type=\"divider.default\">\n\t\t\t\t\t\t\t<div class=\"elementor-divider\">\n\t\t\t<span class=\"elementor-divider-separator\">\n\t\t\t\t\t\t<\/span>\n\t\t<\/div>\n\t\t\t\t\t\t<\/div>\n\t\t\t\t<div class=\"elementor-element elementor-element-a10c944 elementor-widget__width-initial elementor-widget-tablet__width-initial elementor-widget-mobile__width-initial elementor-invisible elementor-widget elementor-widget-button\" data-id=\"a10c944\" data-element_type=\"widget\" data-settings=\"{&quot;_animation&quot;:&quot;fadeInUp&quot;,&quot;_animation_delay&quot;:2000}\" data-widget_type=\"button.default\">\n\t\t\t\t\t\t\t\t\t\t<a class=\"elementor-button elementor-button-link elementor-size-md\" href=\"http:\/\/wa.link\/4zcboh\">\n\t\t\t\t\t\t<span class=\"elementor-button-content-wrapper\">\n\t\t\t\t\t\t\t\t\t<span class=\"elementor-button-text\">Na Kontaktoni<\/span>\n\t\t\t\t\t<\/span>\n\t\t\t\t\t<\/a>\n\t\t\t\t\t\t\t\t<\/div>\n\t\t\t\t\t<\/div>\n\t\t<\/div>\n\t\t\t\t\t<\/div>\n\t\t<\/section>\n\t\t\t\t<\/div>\n\t\t","protected":false},"excerpt":{"rendered":"<p>Rreth Nesh Rreth Nesh Kush Jemi ne? Decorit \u00ebsht\u00eb nj\u00eb studio e specializuar n\u00eb dekorim dhe organizim eventesh, q\u00eb ofron sh\u00ebrbime t\u00eb plota nga ideja fillestare deri te realizimi final. E krijuar n\u00eb vitin 2023, studioja jon\u00eb synon t\u00eb nd\u00ebrthur\u00eb estetik\u00ebn bashk\u00ebkohore me profesionalizmin dhe p\u00ebrkushtimin ndaj \u00e7do klienti. \u00c7do projekt \u00ebsht\u00eb unik dhe merr [&hellip;]<\/p>\n","protected":false},"author":2,"featured_media":0,"parent":0,"menu_order":0,"comment_status":"closed","ping_status":"closed","template":"elementor_header_footer","meta":{"footnotes":""},"class_list":["post-150","page","type-page","status-publish","hentry"],"_links":{"self":[{"href":"https:\/\/decoritevent.com\/index.php?rest_route=\/wp\/v2\/pages\/150","targetHints":{"allow":["GET"]}}],"collection":[{"href":"https:\/\/decoritevent.com\/index.php?rest_route=\/wp\/v2\/pages"}],"about":[{"href":"https:\/\/decoritevent.com\/index.php?rest_route=\/wp\/v2\/types\/page"}],"author":[{"embeddable":true,"href":"https:\/\/decoritevent.com\/index.php?rest_route=\/wp\/v2\/users\/2"}],"replies":[{"embeddable":true,"href":"https:\/\/decoritevent.com\/index.php?rest_route=%2Fwp%2Fv2%2Fcomments&post=150"}],"version-history":[{"count":24,"href":"https:\/\/decoritevent.com\/index.php?rest_route=\/wp\/v2\/pages\/150\/revisions"}],"predecessor-version":[{"id":617,"href":"https:\/\/decoritevent.com\/index.php?rest_route=\/wp\/v2\/pages\/150\/revisions\/617"}],"wp:attachment":[{"href":"https:\/\/decoritevent.com\/index.php?rest_route=%2Fwp%2Fv2%2Fmedia&parent=150"}],"curies":[{"name":"wp","href":"https:\/\/api.w.org\/{rel}","templated":true}]}}